{"id":9,"date":"2010-10-13T11:23:43","date_gmt":"2010-10-13T11:23:43","guid":{"rendered":"http:\/\/style-ich.connectiteasy.com\/blog\/"},"modified":"2014-07-22T13:15:26","modified_gmt":"2014-07-22T13:15:26","slug":"werbegeschenke","status":"publish","type":"page","link":"https:\/\/www.signuu.com\/blog\/werbegeschenke\/","title":{"rendered":"Werbegeschenke"},"content":{"rendered":"<p><span class=\"styleich1\">style<\/span><span class=\"styleich2\">&#8211;<\/span><span class=\"styleich1\">ich<\/span> <strong>personalisiert <\/strong>Ihre<strong> Werbegeschenke<\/strong> hochwertig mittels <a href=\"http:\/\/www.style-ich.de\/blog\/lasergravur\/\">Lasergravur<\/a>.<br \/>\nDie Gravur besitzt gegen\u00fcber dem Bedrucken von Werbegeschenken den Vorteil, dass sie \u00e4u\u00dferst dauerhaft, pr\u00e4zise und schnell ist. Da die Gravur mittels Laser flexibel und auf einer gro\u00dfen Vielfalt von Materialien erfolgen kann, k\u00f6nnen auch <strong>Werbegeschenke <\/strong>in geringen St\u00fcckzahlen zu fairen Preisen personalisiert werden. Zudem erfolgt die Gravur per Laser chemikalienfrei und umweltfreundlich.<\/p>\n<h2>Hochwertige Werbegeschenke mit Gravur<\/h2>\n<p><span class=\"styleich1\">style<\/span><span class=\"styleich2\">&#8211;<\/span><span class=\"styleich1\">ich<\/span> bietet Ihnen eine Reihe hochwertiger <strong>Werbegeschenke<\/strong>, auf die Sie Ihr Logo oder Ihren Claim per Laser gravieren lassen k\u00f6nnen. Wir von <span class=\"styleich1\">style<\/span><span class=\"styleich2\">&#8211;<\/span><span class=\"styleich1\">ich<\/span> <strong>gravieren<\/strong> f\u00fcr Sie Artikel aus Holz, Stein, Edelstahl, Acryl, Leder und vieles mehr. <span class=\"styleich1\">style<\/span><span class=\"styleich2\">&#8211;<\/span><span class=\"styleich1\">ich<\/span> hat vielleicht auch f\u00fcr Sie passende hochwertige <strong>Werbegeschenke mit Gravur zu Weihnachten<\/strong>. Egal, ob als Kleinserie mit Gravur oder als Unikat personalisiert, <span class=\"styleich1\">style<\/span><span class=\"styleich2\">&#8211;<\/span><span class=\"styleich1\">ich<\/span> bietet <strong>ausgefallene Geschenke<\/strong> f\u00fcr anspruchsvolle Individuen, Kunden und Gesch\u00e4ftspartner.<\/p>\n<div>\n<div id=\"attachment_212\" style=\"width: 510px\" class=\"wp-caption alignnone\"><a href=\"http:\/\/www.style-ich.de\/blog\/wp-content\/uploads\/2010\/10\/Gravur-Lasergravur-Leder-Kugelschreiber-1-style-ich.jpg\" rel=\"lightbox[9]\" title=\"Gravur Lasergravur Leder Kugelschreiber 1 style-ich\"><img loading=\"lazy\" decoding=\"async\" aria-describedby=\"caption-attachment-212\" src=\"http:\/\/www.style-ich.de\/blog\/wp-content\/uploads\/2010\/10\/Gravur-Lasergravur-Leder-Kugelschreiber-1-style-ich.jpg\" alt=\"style-ich Gravur auf Kugelschreiber mit Leder\" title=\"Gravur Lasergravur Leder Kugelschreiber 1 style-ich\" width=\"500\" height=\"333\" class=\"size-full wp-image-212\" srcset=\"https:\/\/www.signuu.com\/blog\/wp-content\/uploads\/2010\/10\/Gravur-Lasergravur-Leder-Kugelschreiber-1-style-ich.jpg 500w, https:\/\/www.signuu.com\/blog\/wp-content\/uploads\/2010\/10\/Gravur-Lasergravur-Leder-Kugelschreiber-1-style-ich-300x199.jpg 300w\" sizes=\"auto, (max-width: 500px) 100vw, 500px\" \/><\/a><p id=\"caption-attachment-212\" class=\"wp-caption-text\">style-ich Gravur auf Kugelschreiber mit Leder<\/p><\/div>\n<div id=\"attachment_211\" style=\"width: 510px\" class=\"wp-caption alignnone\"><a href=\"http:\/\/www.style-ich.de\/blog\/wp-content\/uploads\/2010\/10\/Gravur-Lasergravur-Feuerzeug-style-ich3.jpg\" rel=\"lightbox[9]\" title=\"Gravur Lasergravur Feuerzeug style-ich\"><img loading=\"lazy\" decoding=\"async\" aria-describedby=\"caption-attachment-211\" src=\"http:\/\/www.style-ich.de\/blog\/wp-content\/uploads\/2010\/10\/Gravur-Lasergravur-Feuerzeug-style-ich3.jpg\" alt=\"style-ich Gravur auf Feuerzeug\" title=\"Gravur Lasergravur Feuerzeug style-ich\" width=\"500\" height=\"251\" class=\"size-full wp-image-211\" srcset=\"https:\/\/www.signuu.com\/blog\/wp-content\/uploads\/2010\/10\/Gravur-Lasergravur-Feuerzeug-style-ich3.jpg 500w, https:\/\/www.signuu.com\/blog\/wp-content\/uploads\/2010\/10\/Gravur-Lasergravur-Feuerzeug-style-ich3-300x150.jpg 300w\" sizes=\"auto, (max-width: 500px) 100vw, 500px\" \/><\/a><p id=\"caption-attachment-211\" class=\"wp-caption-text\">style-ich Gravur auf Feuerzeug<\/p><\/div>\n<\/div>\n","protected":false},"excerpt":{"rendered":"<p>style&#8211;ich personalisiert Ihre Werbegeschenke hochwertig mittels Lasergravur. Die Gravur besitzt gegen\u00fcber dem Bedrucken von Werbegeschenken den Vorteil, dass sie \u00e4u\u00dferst dauerhaft, pr\u00e4zise und schnell ist. Da die Gravur mittels Laser flexibel und auf einer gro\u00dfen Vielfalt von Materialien erfolgen kann, &hellip; <a href=\"https:\/\/www.signuu.com\/blog\/werbegeschenke\/\" class=\"more-link\">Continue reading<\/a><\/p>\n","protected":false},"author":1,"featured_media":0,"parent":0,"menu_order":0,"comment_status":"closed","ping_status":"closed","template":"","meta":{"amp_status":"","footnotes":""},"class_list":["post-9","page","type-page","status-publish","hentry"],"_links":{"self":[{"href":"https:\/\/www.signuu.com\/blog\/wp-json\/wp\/v2\/pages\/9","targetHints":{"allow":["GET"]}}],"collection":[{"href":"https:\/\/www.signuu.com\/blog\/wp-json\/wp\/v2\/pages"}],"about":[{"href":"https:\/\/www.signuu.com\/blog\/wp-json\/wp\/v2\/types\/page"}],"author":[{"embeddable":true,"href":"https:\/\/www.signuu.com\/blog\/wp-json\/wp\/v2\/users\/1"}],"replies":[{"embeddable":true,"href":"https:\/\/www.signuu.com\/blog\/wp-json\/wp\/v2\/comments?post=9"}],"version-history":[{"count":43,"href":"https:\/\/www.signuu.com\/blog\/wp-json\/wp\/v2\/pages\/9\/revisions"}],"predecessor-version":[{"id":11,"href":"https:\/\/www.signuu.com\/blog\/wp-json\/wp\/v2\/pages\/9\/revisions\/11"}],"wp:attachment":[{"href":"https:\/\/www.signuu.com\/blog\/wp-json\/wp\/v2\/media?parent=9"}],"curies":[{"name":"wp","href":"https:\/\/api.w.org\/{rel}","templated":true}]}}