{"id":7,"date":"2010-10-13T11:22:38","date_gmt":"2010-10-13T11:22:38","guid":{"rendered":"http:\/\/style-ich.connectiteasy.com\/blog\/"},"modified":"2025-05-13T08:20:13","modified_gmt":"2025-05-13T08:20:13","slug":"werbeartikel","status":"publish","type":"page","link":"https:\/\/www.signuu.com\/blog\/werbeartikel\/","title":{"rendered":"Werbeartikel"},"content":{"rendered":"<p><strong>Werbeartikel<\/strong> oder <a href=\"http:\/\/www.style-ich.de\/blog\/werbegeschenke\/\">Werbegeschenke<\/a> sind Produkte, welche Unternehmen zu Werbezwecken an Kunden und Interessenten verschenken.<br \/>\nTypische <strong>Werbeartikel<\/strong> sind hierbei der USB-Stick, Kugelschreiber in s\u00e4mtlichen Varianten oder das Feuerzeug. Das Angebot beschr\u00e4nkt sich jedoch nicht nur auf solch g\u00fcnstige Streuartikel im unteren Preissegment sondern reicht bis hin zu hochwertigen Werbegeschenken von Markenanbietern.<\/p>\n<h2>Werbeartikel mit Gravur<\/h2>\n<p>Auf einem solchen <strong>Werbeartikel<\/strong> kann mit Gravur \u00fcblicherweise das Logo oder der Claim des Unternehmens\u00a0 aufgebracht. W\u00e4hrend Streuartikel meist mit einem Aufdruck versehen werden, eignet sich die <a href=\"http:\/\/www.style-ich.de\/blog\/lasergravur\/\">Lasergravur<\/a> hervoragend f\u00fcr hochwertige Werbeartikel, wie beispielsweise Etuis aus Leder, um deren Wertigkeit zus\u00e4tzlich zu unterstreichen. Damit sich auch kleinere Unternehmen <strong>hochwertige Werbeartikel<\/strong> leisten k\u00f6nnen, verlangt <span class=\"styleich1\">style<\/span><span class=\"styleich2\">&#8211;<\/span><span class=\"styleich1\">ich<\/span> keine Mindestabnahmemenge und personalisiert <strong>Werbegeschenke mit Gravur<\/strong> zu fairen Preisen. Zudem bietet Ihnen <span class=\"styleich1\">style<\/span><span class=\"styleich2\">&#8211;<\/span><span class=\"styleich1\">ich<\/span> eine schnelle und einfache Bearbeitung Ihres Auftrages, so dass Sie Ihre Werbeartikel mit Gravur innerhalb k\u00fcrzester Zeit erhalten. So ist es auch m\u00f6glich, kurzfristig noch hochwertige pers\u00f6nliche Werbeartikel fertigen zu lassen.<\/p>\n<p>Wie solche <strong>Werbeartikel mit Gravur<\/strong> veredelt werden k\u00f6nnen, erfahren Sie auf unserer speziellen Seite \u00fcber <a href=\"http:\/\/www.style-ich.de\/blog\/werbegeschenke\/\">Werbegeschenke mit Lasergravur<\/a>.<\/p>\n","protected":false},"excerpt":{"rendered":"<p>Werbeartikel oder Werbegeschenke sind Produkte, welche Unternehmen zu Werbezwecken an Kunden und Interessenten verschenken. Typische Werbeartikel sind hierbei der USB-Stick, Kugelschreiber in s\u00e4mtlichen Varianten oder das Feuerzeug. Das Angebot beschr\u00e4nkt sich jedoch nicht nur auf solch g\u00fcnstige Streuartikel im unteren &hellip; <a href=\"https:\/\/www.signuu.com\/blog\/werbeartikel\/\" class=\"more-link\">Continue reading<\/a><\/p>\n","protected":false},"author":1,"featured_media":0,"parent":0,"menu_order":0,"comment_status":"closed","ping_status":"closed","template":"","meta":{"amp_status":"","footnotes":""},"class_list":["post-7","page","type-page","status-publish","hentry"],"_links":{"self":[{"href":"https:\/\/www.signuu.com\/blog\/wp-json\/wp\/v2\/pages\/7","targetHints":{"allow":["GET"]}}],"collection":[{"href":"https:\/\/www.signuu.com\/blog\/wp-json\/wp\/v2\/pages"}],"about":[{"href":"https:\/\/www.signuu.com\/blog\/wp-json\/wp\/v2\/types\/page"}],"author":[{"embeddable":true,"href":"https:\/\/www.signuu.com\/blog\/wp-json\/wp\/v2\/users\/1"}],"replies":[{"embeddable":true,"href":"https:\/\/www.signuu.com\/blog\/wp-json\/wp\/v2\/comments?post=7"}],"version-history":[{"count":24,"href":"https:\/\/www.signuu.com\/blog\/wp-json\/wp\/v2\/pages\/7\/revisions"}],"predecessor-version":[{"id":4893,"href":"https:\/\/www.signuu.com\/blog\/wp-json\/wp\/v2\/pages\/7\/revisions\/4893"}],"wp:attachment":[{"href":"https:\/\/www.signuu.com\/blog\/wp-json\/wp\/v2\/media?parent=7"}],"curies":[{"name":"wp","href":"https:\/\/api.w.org\/{rel}","templated":true}]}}