{"id":2,"date":"2010-10-13T10:30:23","date_gmt":"2010-10-13T10:30:23","guid":{"rendered":"http:\/\/style-ich.connectiteasy.com\/blog\/?page_id=2"},"modified":"2014-05-28T13:53:08","modified_gmt":"2014-05-28T13:53:08","slug":"lasergravieren","status":"publish","type":"page","link":"https:\/\/www.signuu.com\/blog\/lasergravieren\/","title":{"rendered":"Lasergravieren"},"content":{"rendered":"<p>Beim <a href=\"http:\/\/www.style-ich.de\/lasergravuren\"><strong>Lasergravieren<\/strong><\/a> wird mittels eines intensiven Laserstrahls durch eine kontrollierte und gezielte Materialabtragung eine <a href=\"http:\/\/www.style-ich.de\/blog\/gravur\/\"><strong>Gravur<\/strong><\/a> in einen Gegenstand gebrannt. Das Lasergravieren wird in der Industrie schon seit geraumer Zeit genutzt. Dabei bietet das <strong>Lasergravieren<\/strong> vielf\u00e4ltige M\u00f6glichkeiten zur Personalisierung von Produkten oder zur Anfertigung verschiedener <a href=\"http:\/\/www.style-ich.de\/blog\/werbegeschenke\/\"><strong>Werbegeschenke<\/strong><\/a>. In unserem <a href=\"http:\/\/www.style-ich.de\/gravurshop.html\"><strong>Gravurshop<\/strong><\/a> findet Ihr viele hochwertige Geschenkartikel, die Ihr \u00fcber unseren <a href=\"http:\/\/www.style-ich.de\/konfigurator.html\"><strong>Konfigurator<\/strong><\/a> komplett frei mit Texten, Logos oder Fotos gestalten k\u00f6nnt.<\/p>\n<h2>Personalisierung durch Lasergravieren<\/h2>\n<p>Durch das Lasergravieren schafft <a href=\"http:\/\/www.style-ich.de\/\"><strong>style-ich<\/strong><\/a> eine neue Generation personalisierter Produkte. Mittels <strong>Laserbeschriftung bzw. Lasergravur<\/strong> k\u00f6nnen die unterschiedlichsten Materialien, wie <a href=\"http:\/\/www.style-ich.de\/acryl-lasergravur-laserschneiden\"><strong>Acryl<\/strong>, <a href=\"http:\/\/www.style-ich.de\/laserschneiden-papier-papiergravur\"><strong>Karton<\/strong><\/a>, Keramik, <a href=\"http:\/\/www.style-ich.de\/textilien-lasergravur-laserschneiden\"><strong>Textilien<\/strong><\/a>, <a href=\"http:\/\/www.style-ich.de\/glasgravur-lasergravur\"><strong>Glas<\/strong><\/a>, <a href=\"http:\/\/www.style-ich.de\/ledergravur-laserschneiden\"><strong>Leder<\/strong><\/a>, <a href=\"http:\/\/www.style-ich.de\/steingravur-lasergravur\"><strong>Stein<\/strong><\/a>, <a href=\"http:\/\/www.style-ich.de\/holz-gravur-laserschneiden\"><strong>Holz<\/strong><\/a> oder verschiedene Metalle bearbeitet werden.<br \/>\nSo ist es dank des Lasergravierens m\u00f6glich, in wenigen Sekunden die Bilder der Enkelkinder in Gl\u00e4ser zu gravieren, auf einen Apfel ein Gedicht zu brennen sowie einzigartige G\u00fcrtel aus Leder oder Schmuck-Unikate aus Holz oder Kunststoff zu fertigen. Hierbei sind vor allem das <strong>Lasergravieren auf Schmuck<\/strong> oder die Veredelung mittels <strong>Lasergravur auf Holz<\/strong> beliebt. Durch das Lasergravieren sind der Produktvielfalt fast keine Grenzen gesetzt.<\/p>\n<div class=\"mceTemp\">\n<div id=\"attachment_219\" style=\"width: 310px\" class=\"wp-caption aligncenter\"><a href=\"http:\/\/www.style-ich.de\/blog\/wp-content\/uploads\/2010\/10\/Gravur-Lasergravur-Glas-1-style-ich.jpg\" rel=\"lightbox[2]\" title=\"Gravur Lasergravur Glas 1 style-ich\"><img loading=\"lazy\" decoding=\"async\" aria-describedby=\"caption-attachment-219\" class=\"size-medium wp-image-219 \" title=\"Gravur Lasergravur Glas 1 style-ich\" src=\"http:\/\/www.style-ich.de\/blog\/wp-content\/uploads\/2010\/10\/Gravur-Lasergravur-Glas-1-style-ich-300x209.jpg\" alt=\"Lasergravur auf Glas\" width=\"300\" height=\"209\" srcset=\"https:\/\/www.signuu.com\/blog\/wp-content\/uploads\/2010\/10\/Gravur-Lasergravur-Glas-1-style-ich-300x209.jpg 300w, https:\/\/www.signuu.com\/blog\/wp-content\/uploads\/2010\/10\/Gravur-Lasergravur-Glas-1-style-ich-1024x713.jpg 1024w, https:\/\/www.signuu.com\/blog\/wp-content\/uploads\/2010\/10\/Gravur-Lasergravur-Glas-1-style-ich.jpg 1102w\" sizes=\"auto, (max-width: 300px) 100vw, 300px\" \/><\/a><p id=\"caption-attachment-219\" class=\"wp-caption-text\">Lasergravieren auf Glas<\/p><\/div>\n<div id=\"attachment_217\" style=\"width: 310px\" class=\"wp-caption aligncenter\"><a href=\"http:\/\/www.style-ich.de\/blog\/wp-content\/uploads\/2010\/10\/Gravur-Lasergravur-Schiefer-1-style-ich1.jpg\" rel=\"lightbox[2]\" title=\"Gravur Lasergravur Schiefer 1 style-ich\"><img loading=\"lazy\" decoding=\"async\" aria-describedby=\"caption-attachment-217\" class=\"size-medium wp-image-217  \" title=\"Gravur Lasergravur Schiefer 1 style-ich\" src=\"http:\/\/www.style-ich.de\/blog\/wp-content\/uploads\/2010\/10\/Gravur-Lasergravur-Schiefer-1-style-ich1-300x200.jpg\" alt=\"Lasergravur Schiefer\" width=\"300\" height=\"200\" srcset=\"https:\/\/www.signuu.com\/blog\/wp-content\/uploads\/2010\/10\/Gravur-Lasergravur-Schiefer-1-style-ich1-300x200.jpg 300w, https:\/\/www.signuu.com\/blog\/wp-content\/uploads\/2010\/10\/Gravur-Lasergravur-Schiefer-1-style-ich1-1024x682.jpg 1024w, https:\/\/www.signuu.com\/blog\/wp-content\/uploads\/2010\/10\/Gravur-Lasergravur-Schiefer-1-style-ich1.jpg 1152w\" sizes=\"auto, (max-width: 300px) 100vw, 300px\" \/><\/a><p id=\"caption-attachment-217\" class=\"wp-caption-text\">Lasergravieren auf Schiefer<\/p><\/div>\n<div id=\"attachment_218\" style=\"width: 310px\" class=\"wp-caption aligncenter\"><a href=\"http:\/\/www.style-ich.de\/blog\/wp-content\/uploads\/2010\/10\/Gravur-Lasergravur-Kork-2-style-ich.jpg\" rel=\"lightbox[2]\" title=\"Gravur Lasergravur Kork 2 style-ich\"><img loading=\"lazy\" decoding=\"async\" aria-describedby=\"caption-attachment-218\" class=\"size-medium wp-image-218 \" title=\"Gravur Lasergravur Kork 2 style-ich\" src=\"http:\/\/www.style-ich.de\/blog\/wp-content\/uploads\/2010\/10\/Gravur-Lasergravur-Kork-2-style-ich-300x200.jpg\" alt=\"style-ich Lasergravur inkl. Bild auf Kork\" width=\"300\" height=\"200\" srcset=\"https:\/\/www.signuu.com\/blog\/wp-content\/uploads\/2010\/10\/Gravur-Lasergravur-Kork-2-style-ich-300x200.jpg 300w, https:\/\/www.signuu.com\/blog\/wp-content\/uploads\/2010\/10\/Gravur-Lasergravur-Kork-2-style-ich-1024x682.jpg 1024w, https:\/\/www.signuu.com\/blog\/wp-content\/uploads\/2010\/10\/Gravur-Lasergravur-Kork-2-style-ich.jpg 1152w\" sizes=\"auto, (max-width: 300px) 100vw, 300px\" \/><\/a><p id=\"caption-attachment-218\" class=\"wp-caption-text\">Lasergravieren eines Bildes auf Kork<\/p><\/div>\n<p>Die Vorteile des Lasergravierens sind ebenso vielf\u00e4ltig. So ist eine <a href=\"http:\/\/www.style-ich.de\"><strong>Lasergravur<\/strong><\/a> absolut konturenscharf und pr\u00e4zise bis ins Detail &#8211; und das bei sehr hoher Wiederholungsgenauigkeit. Im Gegensatz zu manchem Aufdruck ist das Lasergravieren zudem so dauerhaft, wie das Tr\u00e4germaterial und dabei chemikalienfrei und umweltfreundlich. Durch die Verwendung von \u00d6kostrom kann <a href=\"http:\/\/www.style-ich.de\/\"><strong>style-ich<\/strong><\/a> <strong>ausgefallene Geschenke<\/strong> und <strong>Werbegeschenke<\/strong> besonders umweltfreundlich gravieren.<\/p>\n<p>Auch bei geringen St\u00fcckzahlen oder Einzelst\u00fccken bietet Euch <a href=\"http:\/\/www.style-ich.de\/\"><strong>style-ich<\/strong><\/a> verschiedenste Produkte mit Lasergravur zu fairen <a href=\"http:\/\/www.style-ich.de\/preise\"><strong>Preisen<\/strong><\/a> und g\u00fcnstigen <strong>Lasergravur Kosten<\/strong>.<br \/>\n<a href=\"http:\/\/www.style-ich.de\/\"><strong>style-ich<\/strong><\/a> liefert ausgefallene Geschenke und Werbeartikel <strong>mit Gravur<\/strong> bundesweit &#8211; egal, ob Ihr <strong>pers\u00f6nliche Geschenke mit Lasergravur<\/strong> in Berlin, Hamburg, K\u00f6ln, M\u00fcnchen oder Stuttgart ben\u00f6tigt.<\/p>\n<div id=\"attachment_273\" style=\"width: 310px\" class=\"wp-caption aligncenter\"><a href=\"http:\/\/www.style-ich.de\/blog\/wp-content\/uploads\/2010\/10\/Gravur-Lasergravur-Ipod-3-style-ich1.jpg\" rel=\"lightbox[2]\" title=\"Gravur Lasergravur iPod style-ich\"><img loading=\"lazy\" decoding=\"async\" aria-describedby=\"caption-attachment-273\" class=\"size-medium wp-image-273 \" title=\"Gravur Lasergravur iPod style-ich\" src=\"http:\/\/www.style-ich.de\/blog\/wp-content\/uploads\/2010\/10\/Gravur-Lasergravur-Ipod-3-style-ich1-300x199.jpg\" alt=\"Lasergravur auf iPod und Verpackung\" width=\"300\" height=\"199\" srcset=\"https:\/\/www.signuu.com\/blog\/wp-content\/uploads\/2010\/10\/Gravur-Lasergravur-Ipod-3-style-ich1-300x199.jpg 300w, https:\/\/www.signuu.com\/blog\/wp-content\/uploads\/2010\/10\/Gravur-Lasergravur-Ipod-3-style-ich1.jpg 500w\" sizes=\"auto, (max-width: 300px) 100vw, 300px\" \/><\/a><p id=\"caption-attachment-273\" class=\"wp-caption-text\">Lasergravieren auf iPod und Verpackung<\/p><\/div>\n<div id=\"attachment_648\" style=\"width: 310px\" class=\"wp-caption aligncenter\"><a href=\"http:\/\/www.style-ich.de\/blog\/wp-content\/uploads\/2010\/10\/Gravur-Lasergravur-Bl\u00e4tter-Laub-2-style-ich1.jpg\" rel=\"lightbox[2]\" title=\"Gravur Lasergravur Bl\u00e4tter Laub 2 style-ich\"><img loading=\"lazy\" decoding=\"async\" aria-describedby=\"caption-attachment-648\" class=\"size-medium wp-image-648\" title=\"Gravur Lasergravur Bl\u00e4tter Laub 2 style-ich\" src=\"http:\/\/www.style-ich.de\/blog\/wp-content\/uploads\/2010\/10\/Gravur-Lasergravur-Bl\u00e4tter-Laub-2-style-ich1-300x199.jpg\" alt=\"Lasergravur auf Laub\" width=\"300\" height=\"199\" srcset=\"https:\/\/www.signuu.com\/blog\/wp-content\/uploads\/2010\/10\/Gravur-Lasergravur-Bl\u00e4tter-Laub-2-style-ich1-300x199.jpg 300w, https:\/\/www.signuu.com\/blog\/wp-content\/uploads\/2010\/10\/Gravur-Lasergravur-Bl\u00e4tter-Laub-2-style-ich1.jpg 500w\" sizes=\"auto, (max-width: 300px) 100vw, 300px\" \/><\/a><p id=\"caption-attachment-648\" class=\"wp-caption-text\">style-ich Lasergravieren auf Laub<\/p><\/div>\n<div id=\"attachment_649\" style=\"width: 310px\" class=\"wp-caption aligncenter\"><a href=\"http:\/\/www.style-ich.de\/blog\/wp-content\/uploads\/2010\/10\/Gravur-Lasergravur-Obst-style-ich.jpg\" rel=\"lightbox[2]\" title=\"Gravur Lasergravur Obst style-ich\"><img loading=\"lazy\" decoding=\"async\" aria-describedby=\"caption-attachment-649\" class=\"size-medium wp-image-649\" title=\"Gravur Lasergravur Obst style-ich\" src=\"http:\/\/www.style-ich.de\/blog\/wp-content\/uploads\/2010\/10\/Gravur-Lasergravur-Obst-style-ich-300x199.jpg\" alt=\"style-ich Lasergravur auf Obst\" width=\"300\" height=\"199\" srcset=\"https:\/\/www.signuu.com\/blog\/wp-content\/uploads\/2010\/10\/Gravur-Lasergravur-Obst-style-ich-300x199.jpg 300w, https:\/\/www.signuu.com\/blog\/wp-content\/uploads\/2010\/10\/Gravur-Lasergravur-Obst-style-ich.jpg 500w\" sizes=\"auto, (max-width: 300px) 100vw, 300px\" \/><\/a><p id=\"caption-attachment-649\" class=\"wp-caption-text\">style-ich Lasergravieren auf Obst<\/p><\/div>\n<div id=\"attachment_650\" style=\"width: 310px\" class=\"wp-caption aligncenter\"><a href=\"http:\/\/www.style-ich.de\/blog\/wp-content\/uploads\/2010\/10\/Gravur-Lasergravur-Haseln\u00fcsse-3-style-ich.jpg\" rel=\"lightbox[2]\" title=\"Gravur Lasergravur Haseln\u00fcsse 3 style-ich\"><img loading=\"lazy\" decoding=\"async\" aria-describedby=\"caption-attachment-650\" class=\"size-medium wp-image-650\" title=\"Gravur Lasergravur Haseln\u00fcsse 3 style-ich\" src=\"http:\/\/www.style-ich.de\/blog\/wp-content\/uploads\/2010\/10\/Gravur-Lasergravur-Haseln\u00fcsse-3-style-ich-300x199.jpg\" alt=\"style-ich Lasergravur auf N\u00fcssen\" width=\"300\" height=\"199\" srcset=\"https:\/\/www.signuu.com\/blog\/wp-content\/uploads\/2010\/10\/Gravur-Lasergravur-Haseln\u00fcsse-3-style-ich-300x199.jpg 300w, https:\/\/www.signuu.com\/blog\/wp-content\/uploads\/2010\/10\/Gravur-Lasergravur-Haseln\u00fcsse-3-style-ich.jpg 500w\" sizes=\"auto, (max-width: 300px) 100vw, 300px\" \/><\/a><p id=\"caption-attachment-650\" class=\"wp-caption-text\">style-ich Lasergravieren auf N\u00fcssen<\/p><\/div>\n<\/div>\n","protected":false},"excerpt":{"rendered":"<p>Beim Lasergravieren wird mittels eines intensiven Laserstrahls durch eine kontrollierte und gezielte Materialabtragung eine Gravur in einen Gegenstand gebrannt. Das Lasergravieren wird in der Industrie schon seit geraumer Zeit genutzt. Dabei bietet das Lasergravieren vielf\u00e4ltige M\u00f6glichkeiten zur Personalisierung von Produkten &hellip; <a href=\"https:\/\/www.signuu.com\/blog\/lasergravieren\/\" class=\"more-link\">Continue reading<\/a><\/p>\n","protected":false},"author":1,"featured_media":0,"parent":0,"menu_order":0,"comment_status":"closed","ping_status":"closed","template":"","meta":{"amp_status":"","footnotes":""},"class_list":["post-2","page","type-page","status-publish","hentry"],"_links":{"self":[{"href":"https:\/\/www.signuu.com\/blog\/wp-json\/wp\/v2\/pages\/2","targetHints":{"allow":["GET"]}}],"collection":[{"href":"https:\/\/www.signuu.com\/blog\/wp-json\/wp\/v2\/pages"}],"about":[{"href":"https:\/\/www.signuu.com\/blog\/wp-json\/wp\/v2\/types\/page"}],"author":[{"embeddable":true,"href":"https:\/\/www.signuu.com\/blog\/wp-json\/wp\/v2\/users\/1"}],"replies":[{"embeddable":true,"href":"https:\/\/www.signuu.com\/blog\/wp-json\/wp\/v2\/comments?post=2"}],"version-history":[{"count":80,"href":"https:\/\/www.signuu.com\/blog\/wp-json\/wp\/v2\/pages\/2\/revisions"}],"predecessor-version":[{"id":4,"href":"https:\/\/www.signuu.com\/blog\/wp-json\/wp\/v2\/pages\/2\/revisions\/4"}],"wp:attachment":[{"href":"https:\/\/www.signuu.com\/blog\/wp-json\/wp\/v2\/media?parent=2"}],"curies":[{"name":"wp","href":"https:\/\/api.w.org\/{rel}","templated":true}]}}